{"id":23,"date":"2017-10-17T01:11:45","date_gmt":"2017-10-17T01:11:45","guid":{"rendered":"http:\/\/petrusek.cz\/wp\/?page_id=23"},"modified":"2025-02-12T20:32:28","modified_gmt":"2025-02-12T20:32:28","slug":"home","status":"publish","type":"page","link":"https:\/\/petrusek.cz\/","title":{"rendered":"Profesor PhDr. Miloslav Petrusek, CSc."},"content":{"rendered":"<h3><strong>15. 10. 1936 &#8211; 19. 8. 2012<img loading=\"lazy\" decoding=\"async\" class=\"alignright wp-image-21 size-medium\" src=\"https:\/\/petrusek.cz\/wp-content\/uploads\/2017\/10\/petrusek5-300x225.jpg\" alt=\"\" width=\"300\" height=\"225\" srcset=\"https:\/\/petrusek.cz\/wp-content\/uploads\/2017\/10\/petrusek5-300x225.jpg 300w, https:\/\/petrusek.cz\/wp-content\/uploads\/2017\/10\/petrusek5.jpg 500w\" sizes=\"auto, (max-width: 300px) 100vw, 300px\" \/><\/strong><\/h3>\n<p>Obvykle jsem pokl\u00e1d\u00e1n za \u201eakademick\u00e9ho\u201c \u010di \u201eteoretick\u00e9ho\u201c sociologa, co\u017e odpov\u00edd\u00e1 jen z\u010d\u00e1sti skute\u010dnosti a velice m\u00e1lo m\u00e9mu p\u0159\u00e1n\u00ed: v\u017edycky jsem si p\u0159\u00e1l b\u00fdt \u201eslu\u017eebn\u00edkem u\u017eite\u010dn\u00fdm\u201c, ale ne v\u017edy se mi to da\u0159ilo. N\u011bkdy ve \u0161kole, n\u011bkdy ani tam ne \u00fapln\u011b. A tak sv\u016fj akademismus a tradicionalismus spojuji s l\u00e1skou k literatu\u0159e a um\u011bn\u00ed v\u016fbec a sna\u017e\u00edm se je v\u010dlenit do ka\u017ed\u00e9ho p\u0159em\u00fd\u0161len\u00ed o spole\u010dnosti, lidech kolem m\u011b a \u201evelk\u00fdch\u201c i \u201emal\u00fdch d\u011bjin\u00e1ch\u201c. Snad proto i ve voln\u00fdch chv\u00edl\u00edch kresl\u00edm na \u00farovni uchaze\u010de o studium na Akademii z roku 1888 a poslouch\u00e1m hudbu, kter\u00e9 rozum\u00edm. Pom\u011brn\u011b dlouh\u00fd \u017eivot, kter\u00fd mn\u011b byl d\u00e1n, m\u011b nau\u010dil jak\u00e9si nekonfliktnosti. Neusiluji o v\u00edt\u011bzstv\u00ed ve \u201ev\u011bdeck\u00fdch v\u00e1lk\u00e1ch\u201c o paradigmata a m\u00f3dy, kter\u00e9 p\u0159ich\u00e1zej\u00ed a odch\u00e1zej\u00ed, a u\u017e v\u016fbec ne v mezilidsk\u00fdch sporech, jimi\u017e si zbyte\u010dn\u011b ubli\u017eujeme v tom kr\u00e1tk\u00e9m \u010dase, j\u00edm\u017e sm\u00edme svobodn\u011b nakl\u00e1dat. R\u00e1d bych naplnil biblick\u00e9 \u2013 cokoliv jsi jin\u00e9mu dal, sob\u011b jsi dal&#8230; ale nev\u00edm, kolik toho na rozd\u00e1v\u00e1n\u00ed je\u0161t\u011b m\u00e1m.<\/p>\n","protected":false},"excerpt":{"rendered":"<p>15. 10. 1936 &#8211; 19. 8. 2012 Obvykle jsem pokl\u00e1d\u00e1n za \u201eakademick\u00e9ho\u201c \u010di \u201eteoretick\u00e9ho\u201c sociologa, co\u017e odpov\u00edd\u00e1 jen z\u010d\u00e1sti skute\u010dnosti a velice m\u00e1lo m\u00e9mu p\u0159\u00e1n\u00ed: v\u017edycky jsem si p\u0159\u00e1l b\u00fdt \u201eslu\u017eebn\u00edkem u\u017eite\u010dn\u00fdm\u201c, ale ne v\u017edy se mi to da\u0159ilo. N\u011bkdy ve \u0161kole, n\u011bkdy ani tam ne \u00fapln\u011b. A tak sv\u016fj akademismus a tradicionalismus spojuji s &hellip; <a href=\"https:\/\/petrusek.cz\/\" class=\"more-link\">Pokra\u010dov\u00e1n\u00ed textu <span class=\"screen-reader-text\">Profesor PhDr. Miloslav Petrusek, CSc.<\/span><\/a><\/p>\n","protected":false},"author":1,"featured_media":0,"parent":0,"menu_order":0,"comment_status":"closed","ping_status":"closed","template":"","meta":{"footnotes":""},"class_list":["post-23","page","type-page","status-publish","hentry"],"_links":{"self":[{"href":"https:\/\/petrusek.cz\/index.php?rest_route=\/wp\/v2\/pages\/23","targetHints":{"allow":["GET"]}}],"collection":[{"href":"https:\/\/petrusek.cz\/index.php?rest_route=\/wp\/v2\/pages"}],"about":[{"href":"https:\/\/petrusek.cz\/index.php?rest_route=\/wp\/v2\/types\/page"}],"author":[{"embeddable":true,"href":"https:\/\/petrusek.cz\/index.php?rest_route=\/wp\/v2\/users\/1"}],"replies":[{"embeddable":true,"href":"https:\/\/petrusek.cz\/index.php?rest_route=%2Fwp%2Fv2%2Fcomments&post=23"}],"version-history":[{"count":2,"href":"https:\/\/petrusek.cz\/index.php?rest_route=\/wp\/v2\/pages\/23\/revisions"}],"predecessor-version":[{"id":96,"href":"https:\/\/petrusek.cz\/index.php?rest_route=\/wp\/v2\/pages\/23\/revisions\/96"}],"wp:attachment":[{"href":"https:\/\/petrusek.cz\/index.php?rest_route=%2Fwp%2Fv2%2Fmedia&parent=23"}],"curies":[{"name":"wp","href":"https:\/\/api.w.org\/{rel}","templated":true}]}}