{"id":29,"date":"2017-10-17T01:34:30","date_gmt":"2017-10-17T01:34:30","guid":{"rendered":"http:\/\/petrusek.cz\/wp\/?page_id=29"},"modified":"2017-10-17T01:34:30","modified_gmt":"2017-10-17T01:34:30","slug":"bibliografie","status":"publish","type":"page","link":"https:\/\/petrusek.cz\/?page_id=29","title":{"rendered":"Bibliografie"},"content":{"rendered":"<p>&nbsp;<\/p>\n<p><strong>Nov\u011b je zde um\u00edst\u011bna ke sta\u017een\u00ed <a href=\"https:\/\/petrusek.cz\/wp-content\/uploads\/2017\/10\/Petrusek-bibliografie-kompletni.pdf\" target=\"_blank\" rel=\"noopener\">Kompletn\u00ed bibliografie Miloslava Petruska<\/a><\/strong><\/p>\n<h3><strong>Publikace v roce 2014<\/strong><\/h3>\n<p><em>(vy\u0161lo posmrtn\u011b)<\/em><\/p>\n<ul>\n<li><em>Marx, marxismus a sociologie. Texty z poz\u016fstalosti <\/em>1. Praha: Sociologick\u00e9 nakladatelstv\u00ed (SLON). ISBN 978-80-7419-173-2<\/li>\n<li>kapitoly v\u00a0knize: Zden\u011bk R. Ne\u0161por a kol.: <em>D\u011bjiny \u010desk\u00e9 sociologie<\/em>. Praha: Academia 2014. ISBN 978-80-200-2355-1 [kap. I.4.1 (se Zde\u0148kem R. Ne\u0161porem), I.4.2., II.5.2 a IV.3.2]<\/li>\n<li>V\u00e1clav Havel &#8211; sentymentalny, nostalgiczny, ironiczny. <em>Colloquia Communia<\/em>, 2 (97), lipiec &#8211; grudzie\u0144 2014, s. 195-204.<\/li>\n<\/ul>\n<h4><strong>Ohlasy<\/strong><\/h4>\n<ul>\n<li>recenze na kn\u00ed\u017eku <em>Marx, marxismus a sociologie<\/em>: <em>Sociol\u00f3gia<\/em> 47, 2015, \u010d. 2, autor Juraj Halas<\/li>\n<li>dtto: <em>Studia Socjologiczno-Polityczne<\/em>, 2015, \u010d. 1, s. 120-123, autor Jaroslaw Kilias<\/li>\n<li>dtto:<em> Historick\u00e1 sociologie<\/em>, 2016, \u010d. 1, s. 168-169, autor Miroslav Paul\u00ed\u010dek<br \/>\n<hr \/>\n<\/li>\n<\/ul>\n<h3><strong>Publikace v roce 2013<\/strong><\/h3>\n<p><em>(vy\u0161lo posmrtn\u011b)<\/em><\/p>\n<ul>\n<li>Kniha <em>Spole\u010dnost na\u0161\u00ed doby<\/em> (s Janem Balonem) nyn\u00ed\u00a0v nakladatelstv\u00ed Academia jako E-kniha: <a href=\"http:\/\/www.academia.cz\/spolecnost-nasi-doby-1.html\">http:\/\/www.academia.cz\/spolecnost-nasi-doby-1.html<\/a><\/li>\n<li>Stalinova verze marxismu a jeho \u201eortodoxn\u00ed model&#8220;. D\u011bjiny VKS(b) po p\u011btasedmdes\u00e1ti letech: kapitola z\u00a0historick\u00e9 sociologie. <em>Historick\u00e1 sociologie. \u010casopis pro historick\u00e9 soci\u00e1ln\u00ed v\u011bdy<\/em>, 2013, \u010d. 1, s. 33-54.<\/li>\n<li>Lifestyle in the Age of Liquid Modernity or the Consciousness of Necessity &#8211; Life in a Society of Keen Senses. In: Helena Kub\u00e1tov\u00e1 et al., <em>Ways of Life in the Late Modernity<\/em>. Olomouc: Palack\u00fd University 2013, s. 35-39. ISBN 978-80-244-3450-6<\/li>\n<li>N\u00e1rodn\u00ed identita v\u00a0globalizuj\u00edc\u00edm se v\u011bt\u011b (Rizika a v\u00fdzvy naivn\u00edho multikulturalismu a militantn\u00edho nacionalismu). In: <em>\u0158! \u010cesk\u00e1 n\u00e1rodn\u00ed identita v sou\u010dasn\u00e9m um\u011bn\u00ed.<\/em> Katalog k v\u00fdstav\u011b v Galerii V\u0160UP, s. 45-51. Praha: V\u0160UP 2012 (ve skute\u010dnosti 2013). \/p\u0159etisk textu z roku 2006\/<\/li>\n<li>Mosca a Michels &#8211; &#8222;outside\u0159i&#8220; politick\u00e9 sociologie? Politick\u00e1 formule a \u017eelezn\u00fd z\u00e1kon oligarchie. <em>Sociologick\u00fd \u010dasopis<\/em>, 2013, \u010d. 1, s. 149-162; viz t\u00e9\u017e <a href=\"http:\/\/sreview.soc.cas.cz\/cs\/issue\/163-sociologicky-casopis-1-2013\/3308\">http:\/\/sreview.soc.cas.cz\/cs\/issue\/163-sociologicky-casopis-1-2013\/3308<\/a><\/li>\n<li>Zden\u011bk Ne\u0161por a kol.: <em>Slovn\u00edk \u010desk\u00fdch sociolog\u016f<\/em>. Praha: Academia 2013. ISBN 978-80-200-2221-9. 469 stran; M. Petrusek je autorem 32 medailon\u016f (jednou ve spolupr\u00e1ci se Z. R. Ne\u0161porem); viz t\u00e9\u017e <a href=\"http:\/\/www.academia.cz\/slovnik-ceskych-sociologu.html\">http:\/\/www.academia.cz\/slovnik-ceskych-sociologu.html<\/a><\/li>\n<li>Sociologija me\u017edu pro\u0161lym i budu\u0161\u010dim: tradicii i perspektivy. <em>V\u011bstnik Rossijskogo universit\u011bta dru\u017eby narodov, Serija Sociologija<\/em>, 2013, No. 1, s. 7-15. [p\u0159eklad textu z\u00a0kn\u00ed\u017eky <em>Spole\u010dnost a kultura<\/em>, 2012; p\u0159el. N. P. Narbut]<\/li>\n<\/ul>\n<hr \/>\n<h3><strong>Publikace v roce 2012<\/strong><\/h3>\n<h4><strong>Knihy, kapitoly v knih\u00e1ch <\/strong><\/h4>\n<ul>\n<li><em>Spole\u010dnost a kultura. Sociologick\u00e9 \u00favahy a eseje.<\/em> Uspo\u0159\u00e1dal Ji\u0159\u00ed Fiala. B\u0159eclav: Malovan\u00fd kraj, 2012. Knihovna Ceny Nadace\u00a0Dagmar a V\u00e1clava Havlov\u00fdch VIZE 97, sv. 14. 190 stran. ISBN 978-80-904956-5-4; vy\u0161lo posmrtn\u011b<\/li>\n<li>Maria Ossowska 1896-1974. Pozoruhodn\u00e1 kapitola z\u00a0d\u011bjin st\u0159edoevropsk\u00e9 sociologie mor\u00e1lky. In: Maria Ossowska, <em>M\u011b\u0161\u0165ansk\u00e1 mor\u00e1lka<\/em>. Praha: Academia 2012, s. 389-421. ISBN 978-80-7419-2053-6 (doslov)<\/li>\n<li>Pro\u010d jsou intelektu\u00e1lov\u00e9 na sv\u011bt\u011b? In: Petr Hlav\u00e1\u010dek (ed.), <em>Intelektu\u00e1l ve ve\u0159ejn\u00e9m prostoru. Vzd\u011blanost, spole\u010dnost, politika.<\/em> Praha: Academia 2012, s. 69-78. ISBN 978-80-200-2083-3; p\u0159eti\u0161t\u011bno v: <em>Vesm\u00edr<\/em>, ro\u010d. 91, \u010d. 12\/2012, s. 740-744<\/li>\n<\/ul>\n<h4><strong>Odborn\u00e9 \u010dl\u00e1nky<\/strong><\/h4>\n<ul>\n<li>Co dlu\u017e\u00edme V\u00e1clavu Havlovi? <em>Sociologick\u00fd \u010dasopis,<\/em> ro\u010d. 48, 2012, \u010d. 1, s. 153-158.<\/li>\n<li>V\u00e1clav Havel (1936-2011): Remarks on Havel\u00b4s &#8222;Lay Sociology&#8220;. <em>Czech Sociological Review<\/em>, vol. 48, No. 3, 2012, pp. 569-575.<\/li>\n<li>Masaryk mezi sv\u00fdmi sociologick\u00fdmi sou\u010dasn\u00edky (k 75. v\u00fdro\u010d\u00ed \u00famrt\u00ed). <em>Sociologick\u00fd \u010dasopis,<\/em> ro\u010d. 48, \u010d. 4, 2012, s. 799-802.<\/li>\n<\/ul>\n<h4><strong>Recenze<\/strong><\/h4>\n<ul>\n<li>&#8222;Zlat\u00e1 \u00e9ra&#8220;, nebo jen &#8222;sladk\u00e9 intermezzo&#8220; \u010desk\u00e9 sociologie? Recenze na knihu Zde\u0148ka R. Ne\u0161pora Republika sociolog\u016f: Zlat\u00e1 \u00e9ra \u010desk\u00e9 sociologie v meziv\u00e1le\u010dn\u00e9m obdob\u00ed a kr\u00e1tce po druh\u00e9 sv\u011btov\u00e9 v\u00e1lce. <em>Soudob\u00e9 d\u011bjiny<\/em>, \u010d. 2\/2012, s. 311-315.<\/li>\n<\/ul>\n<h4><strong>Publicistick\u00e9 \u010dl\u00e1nky a texty, eseje<\/strong><\/h4>\n<ul>\n<li>Velk\u00e1 Fermatova v\u011bta, romsk\u00e1 ot\u00e1zka a antinomie \u201esociologick\u00e9ho rozumu&#8220;. <em>Vesm\u00edr<\/em>, ro\u010d. 91, \u010d. 1\/2012, s. 13-14.<\/li>\n<li>O \u017eivot\u011b v\u00a0\u010dasech postheroick\u00fdch. <em>Vesm\u00edr<\/em>, ro\u010d. 91, \u010d. 2\/2012, s. 76-77.<\/li>\n<li>Projev Miloslava Petruska. In: <em>Vzpom\u00ednkov\u00e9 shrom\u00e1\u017ed\u011bn\u00ed Univerzity Karlovy k\u00a0uct\u011bn\u00ed pam\u00e1tky V\u00e1clava Havla.<\/em> Praha: Nakladatelstv\u00ed Karolinum, 2012, s. 19-21.<\/li>\n<li>Opravdu v\u0161ichni l\u017eeme? Aneb O kultu\u0159e d\u016fv\u011bry. <em>Vesm\u00edr<\/em>, ro\u010d. 91, \u010d. 3\/2012, s. 135-136.<\/li>\n<li>Snaha sociologie b\u00fdti exaktn\u00ed v\u011bdou. <em>Vesm\u00edr<\/em>, ro\u010d. 91, \u010d. 4\/2012, s. 204-205.<\/li>\n<li>Um\u011bn\u00ed a \u017eivotn\u00ed styl ve spole\u010dnosti zjit\u0159en\u00fdch smysl\u016f. \u00davahy st\u00e1rnouc\u00edho konzervativce. <em>Kritika &amp; kontext,<\/em> ro\u010d. 16, \u010d. 44, s. 10-15. ISSN 1335-1710<\/li>\n<li>Nuda jako soci\u00e1ln\u00ed fenom\u00e9n aneb Opravdu se ubav\u00edme k\u00a0smrti? <em>Vesm\u00edr<\/em>, ro\u010d. 91, \u010d. 6\/2012, s. 330-331.<\/li>\n<li>75 let od \u00famrt\u00ed TGM. <em>V<\/em><em>esm\u00edr<\/em>,\u00a0ro\u010d. 91, \u010d. 9\/2012, s. 480-481 (vy\u0161lo posmrtn\u011b)<\/li>\n<\/ul>\n<h4><strong>Ohlasy<\/strong><\/h4>\n<p><strong>Kniha roku 2012 (anket Lidov\u00fdch novin)<\/strong><\/p>\n<ul>\n<li>Michal Hor\u00e1\u010dek: Miloslav Petrusek, Jan Balon &#8211; <em>Spole\u010dnost na\u0161\u00ed doby<\/em><\/li>\n<li>Zden\u011bk R. Ne\u0161por: Miloslav Petrusek &#8211; <em>Spole\u010dnost a kultura<\/em><\/li>\n<li>recenze na soubor text\u016f <em>Spole\u010dnost a kultura<\/em>: <em>iLiteratura.cz<\/em>, 28. 11. 2012, autor Jan Lukavec<\/li>\n<\/ul>\n<hr \/>\n<h3><strong>Publikace v roce 2011<\/strong><\/h3>\n<h4><strong>Knihy a kapitoly v knih\u00e1ch<\/strong><\/h4>\n<ul>\n<li><em>\u010cesk\u00e9 soci\u00e1ln\u00ed v\u011bdy v exilu. <\/em>Praha: Sociologick\u00e9 nakladatelstv\u00ed (SLON), 291 stran, ISBN 978-80-7419-064-3<\/li>\n<li><em>Spole\u010dnost na\u0161\u00ed doby <\/em>(s Janem Balonem). Praha: Academia. 155 stran. ISBN 978-80-200-1965-3<\/li>\n<li><em>D\u011bjiny sociologie<\/em>. Praha: Grada. 236 stran. ISBN 978-80-247-3234-3. Spoluauto\u0159i: Jan Balon, Tom\u00e1\u0161 Hole\u010dek, Michal Kot\u00edk, Jan Mar\u0161\u00e1lek, Miroslav Paul\u00ed\u010dek a Marta Svobodov\u00e1.<\/li>\n<li>Hesla v: <em>Mal\u00fd etnologick\u00fd slovn\u00edk.<\/em> Str\u00e1\u017enice: N\u00e1rodn\u00ed \u00fastav lidov\u00e9 kultury, 2011. V\u011bdeck\u00e1 redakce: Josef Jan\u010d\u00e1\u0159, Jan Krist, V\u00e1clav Soukup, Lubom\u00edr Tyllner a Zden\u011bk Uherek. 116 stran,\u00a0ISBN 978-8087261-70-5<\/li>\n<\/ul>\n<h4><strong>Odborn\u00e9 \u010dl\u00e1nky<\/strong><\/h4>\n<ul>\n<li>Int\u011bllektualy i vlas\u0165: Zametki sociologa o roli v \u201ebarchatnoj\u201c revoljucii v \u010cechoslovakii. <em>V\u011bstnik Rossijskogo univerzit\u011bta dru\u017ey narodov<\/em>, <em>serija Sociologija<\/em>, 2011, \u010d. 2, s. 44-55. ISSN 0869-8732<\/li>\n<li>Zygmunt Bauman w rozwoju czeskiej socjologii. <em>Kultura i spo\u0142ecze\u0144stwo<\/em>, ro\u010d. LIV, 2010, \u010d. 4, s. 223-230. ISSN 0023-5172 (vy\u0161lo v \u010dervnu 2011)<\/li>\n<li>N\u00e1vrat (sociologick\u00e9) teorie do \u010cech? V\u00fdchodiska, stav, perspektivy. <em>Sociologick\u00fd \u010dasopis \/ Czech Sociological Review<\/em>, ro\u010d. 47, \u010d. 5, s. 633-656.<\/li>\n<li>Existencialismus a sociologie: Velk\u00e9 m\u00edjen\u00ed a pozdn\u00ed setk\u00e1v\u00e1n\u00ed. <em>Lid\u00e9 m\u011bsta\/Urban People<\/em>, ro\u010d. 13, 2011, \u010d. 3, s. 339-372. ISSN 1212-8112<\/li>\n<li>\u00davahy o dialektice v\u00a0soci\u00e1ln\u00edch v\u011bd\u00e1ch. <em>Teorie v\u011bdy<\/em>, ro\u010d. XXXIII, 2011, \u010d. 3, s. 387-414.\u00a0 ISSN 1210-0250<\/li>\n<li>Miloslav Petrusek o historick\u00e9 sociologii, d\u011bjin\u00e1ch a literatu\u0159e. Ptal se Jaros\u0142aw Kilias. <em>Historick\u00e1 sociologie<\/em>, \u010d. 2\/2011, s. 115-120. ISSN 1804-0616<\/li>\n<\/ul>\n<h4><strong>Zpr\u00e1vy<\/strong><\/h4>\n<ul>\n<li>K\u00a0dvoj\u00edmu jubileu Jaroslava Klof\u00e1\u010de (1921-1981). <em>Sociologick\u00fd \u010dasopis<\/em>, ro\u010d. 47, 2011, \u010d. 2, s. 391-393. ISSN 0038-0288<\/li>\n<\/ul>\n<h4><strong>Publicistick\u00e9 \u010dl\u00e1nky a texty<\/strong><\/h4>\n<ul>\n<li>D\u011bti P\u00e1n\u011b nejsou d\u011btinov\u00e9. <em>Katolick\u00fd t\u00fdden\u00edk<\/em> &#8211; p\u0159\u00edloha <em>Perspektivy<\/em>, \u010d. 1\/2011, s. 1<\/li>\n<li>Chr\u00e1m, tvrz, ale i \u017eumpa. <em>Katolick\u00fd t\u00fdden\u00edk<\/em> &#8211; p\u0159\u00edloha <em>Perspektivy<\/em>, \u010d. 32\/2011<\/li>\n<li>Politick\u00fd skand\u00e1l jako p\u0159irozen\u00e1 vlastnost demokracie aneb D\u00e9moni tvo\u0159\u00ed d\u011bjiny. <em>Vesm\u00edr<\/em>, ro\u010d. 90, \u010d. 11\/2011, s. 615-616.<\/li>\n<li>Dobr\u00e1 byrokracie jako \u201e\u017eivotn\u00ed probl\u00e9m demokracie&#8220;? <em>Vesm\u00edr<\/em>, ro\u010d. 90, \u010d. 12\/2011, s. 680-681.<\/li>\n<li>Nejv\u011bt\u0161\u00ed z\u00a0laick\u00fdch sociolog\u016f. <em>Lidov\u00e9 noviny &#8211; Orientace<\/em> (na t\u00e9ma V\u00e1clav Havel), 23. 12. 2011, s. 30. P\u0159eti\u0161t\u011bno v: Anna Freimanov\u00e1 (uspo\u0159.), <em>P\u0159\u00edle\u017eitostn\u00fd portr\u00e9t V\u00e1clava Havla<\/em>. Praha: Knihovna V\u00e1clava Havla 2013, s. 44-49.<\/li>\n<\/ul>\n<h4><strong>Recenze<\/strong><\/h4>\n<ul>\n<li>Dvakr\u00e1t JLF. Josef Ludv\u00edk Fischer: V\u00fdbor z\u00a0d\u00edla. Sv. I. a Sv. II. <em>Filosofick\u00fd \u010dasopis<\/em>, vol. 59, \u010d. 2, s. 280-286. ISSN 0015-1831<\/li>\n<li>Konrad Paul Liessmann: Hodnota \u010dlov\u011bka. Filosoficko-politick\u00e9 eseje. <em>Sociologick\u00fd \u010dasopis<\/em>, ro\u010d. 47, 2011, \u010d. 2, s. 415-418. ISSN 0038-0288<\/li>\n<\/ul>\n<hr \/>\n<h3><strong>Publikace v roce 2010<\/strong><\/h3>\n<ul>\n<li>Aby neupadli v zapomn\u011bn\u00ed. In: Adam Hradilek (ed.), <em>Za va\u0161i a na\u0161i svobodu.<\/em> Praha: Torst a \u00dastav pro studium totalitn\u00edch re\u017eim\u016f, 2010, s. 18-25.<\/li>\n<li>Zygmunt Bauman and Czech Sociology (1964-2010). <em>Sociologick\u00fd \u010dasopis\/Czech Sociological Review<\/em>, ro\u010dn\u00edk 46, 2010, \u010d. 6, s. 1035-1045<\/li>\n<li>Sociologick\u00e9 inspirace Clauda L\u00e9vi-Strausse. <em>Sociol\u00f3gia<\/em>, ro\u010dn\u00edk 42, 2010, \u010d. 4, s. 383-403.<\/li>\n<li>T\u0159et\u00ed kultura, lidsk\u00e1 p\u0159irozenost a d\u016fsledky \u201esametov\u00e9 revoluce&#8220;. In: Libor Prudk\u00fd (ed.), <em>Tehdy a te\u010f. \u010cesk\u00e1 spole\u010dnost po 20 letech<\/em>. Plze\u0148, Vydavatelstv\u00ed a nakladatelstv\u00ed Ale\u0161 \u010cen\u011bk, s. 26-36. ISBN 978-80-7380-279-0 (Tamt\u00e9\u017e anglick\u00e1 verze textu: The Third culture, human nature, and the impact of the \u201eVelvet revolution&#8220;, s. 90-101.)<\/li>\n<li>Albert Camus v\u00a0\u010cech\u00e1ch. In: Marek Lou\u017eek (ed.), <em>Albert Camus. Pades\u00e1t let od \u00famrt\u00ed<\/em>. Praha, Centrum pro ekonomiku a politiku, Ekonomika, pr\u00e1vo, politika \u010d. 82\/2010, s. 73-82.<\/li>\n<li>Prawda jako problem noetyczny i etyczny w my\u015bli czeskiej (od Masaryka do Havla). <em>SOFIA<\/em>-\u010dasopis filozof\u016f slovansk\u00fdch zem\u00ed (Wydawnictwo Uniwersytetu Rzeszowskiego), \u010d. 8\/2008 [vy\u0161lo v l\u00e9t\u011b 2010], s. 15-23.<\/li>\n<li>Nanebevzet\u00ed Pavl\u00edka Morozova aneb Jak se konstruuje mu\u010dedn\u00edk v totalitn\u00edm re\u017eimu. <em>Historick\u00e1 sociologie<\/em>, 1\/2010, s. 119-124. ISSN 1804-0616<\/li>\n<li>Orwell\u016fv sv\u011bt v roce 2009. <em>Historick\u00e1 sociologie<\/em>, 1\/2010, s. 125-128. ISSN 1804-0616<\/li>\n<li>Co bulwersuje czeskich socjolog\u00f3w na pocz\u0105tku nowego wieku? In: W\u0142adys\u0142aw Misiak (ed.), <em>Co nurtuje uczonych? Dylematy i kondycja nauki polskiej.<\/em> Warszawa: Difin, s. 41-57. ISBN 978-83-7641-307-5<\/li>\n<li>Zygmunt Bauman: \u201etropika diskursu&#8220;, slovo o pop-kultu\u0159e a spot\u0159ebn\u00ed spole\u010dnosti epochy \u201etekut\u00e9 modernity&#8220;. <em>Sociologick\u00fd \u010dasopis<\/em>, ro\u010dn\u00edk 46, 2010, \u010d. 5, s. 801-820. ISSN 0038-0288<\/li>\n<li>Projev p\u0159i p\u0159\u00edle\u017eitosti 20. v\u00fdro\u010d\u00ed Fakulty soci\u00e1ln\u00edch v\u011bd UK. <em>Aula<\/em>, ro\u010d. 18, 2010, \u010d. 4, s. 40-43. ISSN 1210-6658<\/li>\n<\/ul>\n<hr \/>\n<h3><strong>Publikace v roce 2009<\/strong><\/h3>\n<h4><strong>Knihy, kapitoly v knih\u00e1ch<\/strong><\/h4>\n<ul>\n<li>Z\u00e1klady sociologie. Praha: Akademie ve\u0159ejn\u00e9 spr\u00e1vy o.p.s. 189 stran. ISBN 978-80-87207-02-4<\/li>\n<li>Od Pra\u017esk\u00e9ho jara k Palachov\u011b ob\u011bti. Od srpna 1968 do ledna 1969. In: Petr Bla\u017eek, Patrik Eichler, Jakub Jare\u0161 a kol., Jan Palach &#8217;69. Praha: Univerzita Karlova \u2013 Filozofick\u00e1 fakulta, \u00dastav pro studium totalitn\u00edch re\u017eim\u016f a TOGGA, s. 20-35. ISBN 978-80-7308-237-6<\/li>\n<li>Vychov\u00e1v\u00e1me \u010dlov\u011bka vzd\u011blan\u00e9ho, nebo informovan\u00e9ho? Sou\u010dasn\u00e9 vzd\u011bl\u00e1vac\u00ed syst\u00e9my v \u010dase postmodernity. In: S. Chocholov\u00e1, M. P\u00e1nkov\u00e1 a M. Steiner (eds.), Jan Amos Komensk\u00fd. Odkaz kultu\u0159e a vzd\u011bl\u00e1v\u00e1n\u00ed. Praha: Academia, s. 686-699. ISBN 978-80-200-1700-0<\/li>\n<li>Heslo \u201esociologie&#8220;. In: J. Malina a kol., <em>Antropologick\u00fd slovn\u00edk (s p\u0159ihl\u00e9dnut\u00edm k\u00a0d\u011bjin\u00e1m literatury a um\u011bn\u00ed) aneb co by mohl o \u010dlov\u011bku v\u011bd\u011bt ka\u017ed\u00fd \u010dlov\u011bk.<\/em> Brno: Akademick\u00e9 nakladatelstv\u00ed CERM, s. 3840-3847 (na vlo\u017een\u00e9m CD). ISBN 978-80-7204-560-0<\/li>\n<li>Heslo \u201esociologie &#8211; v\u00fdvoj a sou\u010dasnost&#8220;. In: Bohumila Ba\u0161teck\u00e1 (ed.), <em>Psychologick\u00e1 encyklopedie &#8211; aplikovan\u00e1 psychologie<\/em>. Praha: Port\u00e1l, s. 368-375. ISBN 978-80-7367-470-0<\/li>\n<\/ul>\n<h4><strong>Stati\/\u010dl\u00e1nky<\/strong><\/h4>\n<ul>\n<li>\u201e\u010cty\u0159icet let spolu i vedle sebe. St\u0159\u00edpky pam\u011bti a \u00fatr\u017eky pozn\u00e1mek \u010desk\u00e9ho sociologa k \u010desko-slovensk\u00fdm vztah\u016fm v sociologii. Sociol\u00f3gia, ro\u010dn\u00edk 41, \u010d. 1\/2009, s. 29-38. ISSN 0049-1225<\/li>\n<li>\u201eSpole\u010dnost jako soci\u00e1ln\u00ed konstrukce a text. Teorie v\u011bdy XXX\/3-4 2008 (vy\u0161lo v roce 2009), s. 5-54. ISSN 1210-0250<\/li>\n<li>\u201eOd v\u00edry ve spole\u010dnost bez trest\u016f ke spole\u010dnosti altruistick\u00e9 a nezi\u0161tn\u00e9 l\u00e1sky (Na okraj Sorokinovy Krise na\u0161eho v\u011bku). In: Akt\u00e9\u0159i, syst\u00e9my, rizika. Acta Universitatis Carolinae, Philosophica et Historica 1-2006, Studia Sociologica XV (vro\u010den\u00ed v tir\u00e1\u017ei 2009), s. 9-25. ISSN 0567-8293<\/li>\n<li>Od T\u0159et\u00edho \u0158\u00edma ke \u201ekonci d\u011bjin\u201c. Rusk\u00e1 filosofie d\u011bjin na pomez\u00ed soci\u00e1ln\u00edch v\u011bd a literatury. Historick\u00e1 sociologie, ro\u010d. 1, \u010d. 1, s. 29-43. ISSN 1804-0616<\/li>\n<li>Jak znal Masaryk sv\u00e9 sociologick\u00e9 sou\u010dasn\u00edky? Masaryk\u016fv sborn\u00edk XIV, Praha: Masaryk\u016fv \u00fastav a Archiv AV \u010cR, s. 333-376. ISSN 1801-6286; ISBN (978-)80-86495-55-2 (spoluautor Nikolaj Narbut)<\/li>\n<li>\u00c9mile Durkheim v \u010desk\u00e9 sociologii. In: Z. kus\u00e1 a M. T\u00ed\u017eik (eds.), Element\u00e1rne formy sociologick\u00e9ho myslenia. S\u00fa\u010dasn\u00e9 reflexie Durkheimovho diela. Bratislava: Sociologick\u00fd \u00fastav SAV, s. 35-55. ISBN 978-80-85544-58-9<\/li>\n<li>Konec d\u011bjin nebo konec d\u011bjepisectv\u00ed? In: J. Kohnov\u00e1 (ed.), <em>D\u011bjepis a ob\u010dansk\u00e1 spole\u010dnost &#8211; Sborn\u00edk p\u0159edn\u00e1\u0161ek, XXI. letn\u00ed \u0161kola historie<\/em>. Praha: Vydavatelstv\u00ed Pedagogick\u00e9 fakulty Univerzity Karlovy v Praze, s. 9-18. ISBN 978-80-7290-401-3<\/li>\n<\/ul>\n<h4><strong>Recenze<\/strong><\/h4>\n<ul>\n<li>Joanna Derdowska: Praskie przemiany: Sacrum i desakralizacja przestrzeni miejskiej Pragi. Sociologick\u00fd \u010dasopis, vol. 45, \u010d. 2, s. 438-440. ISSN 0038-0288<\/li>\n<li>Jonathan Littell: Laskav\u00e9 bohyn\u011b. Historick\u00e1 sociologie, ro\u010d. 1, \u010d. 1, s. 131-133. ISSN 1804-0616<\/li>\n<\/ul>\n<h4><strong>Zpr\u00e1vy<\/strong><\/h4>\n<ul>\n<li>Zden\u011bk Strmiska \u2013 m\u016fj u\u010ditel a p\u0159\u00edtel bl\u00edzk\u00fd i vzd\u00e1len\u00fd. Sociologick\u00fd \u010dasopis, vol. 45, \u010d. 2, s. 423-426. ISSN 0038-0288<\/li>\n<li>Zapomenut\u00ed a opom\u00edjen\u00ed. Dvacet let od \u00famrt\u00ed profesora Vojt\u011bcha Tlust\u00e9ho. Sociologick\u00fd \u010dasopis, vol. 45, \u010d. 5, s. 1077-1080. ISSN 0038-0288<\/li>\n<\/ul>\n<h4><strong>Publicistick\u00e9 \u010dl\u00e1nky a texty<\/strong><\/h4>\n<ul>\n<li>Obrazy odvanut\u00e9ho \u010dasu. In: <em>Miroslav Hucek &#8211; Retrospektiva *75.<\/em> Praha: Agentura A 2009.<\/li>\n<li>Kritik evropsk\u00e9 iluze. Zem\u0159el Claude L\u00e9vi-Strauss, spolutv\u016frce duchovn\u00edho klimatu dvac\u00e1t\u00e9ho stolet\u00ed. Respekt, \u010d. 46, s. 62-63<\/li>\n<li>Co\u017epak jsem str\u00e1\u017ecem bratra sv\u00e9ho? My\u0161lenky, s nimi\u017e us\u00edn\u00e1 st\u00e1rnouc\u00ed profesor sociologie. Katolick\u00fd t\u00fdden\u00edk \u2013 p\u0159\u00edloha Perspektivy, \u010d. 48<\/li>\n<li>Otev\u0159en\u011b a bez skrupul\u00ed. Osobn\u00ed vzpom\u00edn\u00e1n\u00ed na to, co bylo na \u201enormalizovan\u00e9 filozofick\u00e9 fakult\u011b\u201c a pot\u00e9&#8230; Forum. \u010casopis Univerzity Karlovy v Praze, \u010d. 3\/09, s. 24-27<\/li>\n<\/ul>\n","protected":false},"excerpt":{"rendered":"<p>&nbsp; Nov\u011b je zde um\u00edst\u011bna ke sta\u017een\u00ed Kompletn\u00ed bibliografie Miloslava Petruska Publikace v roce 2014 (vy\u0161lo posmrtn\u011b) Marx, marxismus a sociologie. Texty z poz\u016fstalosti 1. Praha: Sociologick\u00e9 nakladatelstv\u00ed (SLON). ISBN 978-80-7419-173-2 kapitoly v\u00a0knize: Zden\u011bk R. Ne\u0161por a kol.: D\u011bjiny \u010desk\u00e9 sociologie. Praha: Academia 2014. ISBN 978-80-200-2355-1 [kap. I.4.1 (se Zde\u0148kem R. Ne\u0161porem), I.4.2., II.5.2 a &hellip; <a href=\"https:\/\/petrusek.cz\/?page_id=29\" class=\"more-link\">Pokra\u010dov\u00e1n\u00ed textu <span class=\"screen-reader-text\">Bibliografie<\/span><\/a><\/p>\n","protected":false},"author":1,"featured_media":0,"parent":0,"menu_order":0,"comment_status":"closed","ping_status":"closed","template":"","meta":{"footnotes":""},"class_list":["post-29","page","type-page","status-publish","hentry"],"_links":{"self":[{"href":"https:\/\/petrusek.cz\/index.php?rest_route=\/wp\/v2\/pages\/29","targetHints":{"allow":["GET"]}}],"collection":[{"href":"https:\/\/petrusek.cz\/index.php?rest_route=\/wp\/v2\/pages"}],"about":[{"href":"https:\/\/petrusek.cz\/index.php?rest_route=\/wp\/v2\/types\/page"}],"author":[{"embeddable":true,"href":"https:\/\/petrusek.cz\/index.php?rest_route=\/wp\/v2\/users\/1"}],"replies":[{"embeddable":true,"href":"https:\/\/petrusek.cz\/index.php?rest_route=%2Fwp%2Fv2%2Fcomments&post=29"}],"version-history":[{"count":1,"href":"https:\/\/petrusek.cz\/index.php?rest_route=\/wp\/v2\/pages\/29\/revisions"}],"predecessor-version":[{"id":31,"href":"https:\/\/petrusek.cz\/index.php?rest_route=\/wp\/v2\/pages\/29\/revisions\/31"}],"wp:attachment":[{"href":"https:\/\/petrusek.cz\/index.php?rest_route=%2Fwp%2Fv2%2Fmedia&parent=29"}],"curies":[{"name":"wp","href":"https:\/\/api.w.org\/{rel}","templated":true}]}}