{"id":33,"date":"2017-10-17T01:42:17","date_gmt":"2017-10-17T01:42:17","guid":{"rendered":"http:\/\/petrusek.cz\/wp\/?page_id=33"},"modified":"2017-10-17T01:42:53","modified_gmt":"2017-10-17T01:42:53","slug":"nekrology","status":"publish","type":"page","link":"https:\/\/petrusek.cz\/?page_id=33","title":{"rendered":"Nekrology"},"content":{"rendered":"<p><img loading=\"lazy\" decoding=\"async\" class=\"size-medium wp-image-35 alignright\" src=\"https:\/\/petrusek.cz\/wp-content\/uploads\/2017\/10\/petrusek-272x300.jpg\" alt=\"\" width=\"272\" height=\"300\" srcset=\"https:\/\/petrusek.cz\/wp-content\/uploads\/2017\/10\/petrusek-272x300.jpg 272w, https:\/\/petrusek.cz\/wp-content\/uploads\/2017\/10\/petrusek-768x847.jpg 768w, https:\/\/petrusek.cz\/wp-content\/uploads\/2017\/10\/petrusek.jpg 841w\" sizes=\"auto, (max-width: 272px) 100vw, 272px\" \/><\/p>\n<p>Jan Balon: Miloslav Petrusek (15. 10. 1936 &#8211; 19. 8. 2012).\u00a0<em>\u010cesk\u00fd \u010dasopis historick\u00fd<\/em>, 111\/2013, \u010d. 2, s. 455-457. Za nekrologem p\u0159eti\u0161t\u011bn ve zkr\u00e1cen\u00e9 podob\u011b text M. Petruska Konec d\u011bjin nebo konec d\u011bjepisectv\u00ed?, s pozn\u00e1mkou Ji\u0159\u00edho Pe\u0161ka (s. 458-465)<\/p>\n<p>Petr G\u00e1ba: Dvoj\u00ed ztr\u00e1ta \u010desk\u00e9 sociologie: Miloslav Petrusek a Ji\u0159\u00ed Musil. <em>HISTORICA. Revue pro historii a p\u0159\u00edbuzn\u00e9 v\u011bdy<\/em>, 2013, \u010d. 1, s. 127-128.<\/p>\n<p>Helena Kub\u00e1tov\u00e1: Petruskova esejistika. <em>Historick\u00e1 sociologie<\/em>, 2013, \u010d. 1, s. 103-104.<\/p>\n<p>Miloslav Paul\u00ed\u010dek: Kulturn\u00ed odkaz Miloslava Petruska. <em>Historick\u00e1 sociologie<\/em>, 2013, \u010d. 1, s. 105-106.<\/p>\n<p>Katarzyna M. Cwynar: Wspomnienie o Profesorze Miloslavie Petrusku. <em>SOFIA<\/em>, 2012, \u010d. 12, s. 341-351. P\u0159eti\u0161t\u011bno v: <em>Colloquia Communia<\/em>, 2 (97), lipiec &#8211; grudzie\u0144 2014, s. 205-213.<\/p>\n<p>Martin Rychl\u00edk, V\u00e1clav Soukup, Barbora P\u016ftov\u00e1: Troj\u00ed rozlou\u010den\u00ed s Miloslavem Petruskem. <em>Culturologia<\/em>, 2012, \u010d. 2, s. 77.<\/p>\n<p>Jaroslaw Kilias: Miloslav Petrusek (1936-2012). <em>Historick\u00e1 sociologie<\/em>, 2012, \u010d. 1-2, s. 146-147.<\/p>\n<p>N. P. Narbut: Pamjati kollegi. N\u011bskolko slov o Miloslave Petruseke. <em>V\u011bstnik Rossijskogo universit\u011bta dru\u017eby narodov, Serija Sociologija<\/em>, 2013, No. 1, s. 5-6.<\/p>\n<p>N. P. Narbut a J. \u0160ubrt: \u201eOb\u0161\u010destva pozdn\u011bgo vremeni&#8220; v\u00a0perspektive sociologi\u010deskogo analiza Miloslava Petruseka. <em>V\u011bstnik Rossijskogo universit\u011bta dru\u017eby narodov, Serija Sociologija<\/em>, 2013, No. 1, s. 16-27.<\/p>\n<p>Marek Skovajsa: The Jan\u00e1\u010dek of Czech Sociology: Miloslav Petrusek. <em>Czech Sociological Review<\/em>, \u010d. 6\/2012, s. 1174-1183<\/p>\n<p>Josef Jan\u010d\u00e1\u0159: Za Miloslavem Petruskem. <em>N\u00e1rodopisn\u00e1 revue<\/em>, \u010d. 3\/2012, s. 222.<\/p>\n<p>Zden\u011bk R. Ne\u0161por: Zem\u0159el Miloslav Petrusek. <em>Lid\u00e9 m\u011bsta<\/em>, \u010d. 3\/2012, s. 563-566.<\/p>\n<p>N. P. Narbut: Pamjati u\u010denogo. Miloslav Petrusek (1936-2012). <em>Sociologija &#8211; V\u011bstnik RUDN<\/em>, 2012, No. 4, s. 5.<\/p>\n<p>Michal Kub\u00e1t &#8211; <em>Politologick\u00fd \u010dasopis<\/em>, \u010d. 3\/2012, s. 295.<\/p>\n<p>Silva a Petr Machleidtovi: Vzpom\u00ednky na profesora Miloslava Petruska. <em>Filosofick\u00fd \u010dasopis<\/em>, \u010d. 5\/2012, s. 791-794.<\/p>\n<p>Jan Gogola: Zem\u0159el Miloslav Petrusek&#8230; <em>Magaz\u00edn Zl\u00edn<\/em>, 11\/2012, s. 30; viz dokument n\u00ed\u017ee.<\/p>\n<p>Nekrology Vladim\u00edra Kriv\u00e9ho a Martina B\u00fatory &#8211; <em>Sociol\u00f3gia<\/em>, ro\u010d. 44, 2012, \u010d. 5, s. 638-648 (<a href=\"http:\/\/www.sav.sk\/index.php?lang=sk&amp;charset=&amp;doc=journal-list&amp;part=list_articles&amp;journal_issue_no=11112858\">http:\/\/www.sav.sk\/index.php?lang=sk&amp;charset=&amp;doc=journal-list&amp;part=list_articles&amp;journal_issue_no=11112858<\/a>)<\/p>\n<p>Josef Alan: Prof. Milan Petrusek (v m\u00e9m \u017eivot\u011b). <em>BIOGRAF<\/em> \u010d. 56, s. 3-6; <a href=\"http:\/\/www.biograf.org\">www.biograf.org<\/a><\/p>\n<p>Miroslav Nov\u00e1k: M\u00e9 vzpom\u00ednky na profesora Miloslava Petruska (15.10.1936 &#8211; 19.8.2012), spoluzakladatele FSV UK a jej\u00edho druh\u00e9ho d\u011bkana. Acta Politologica, 2012, vol. 4, No. 2, s. 211-215. <a href=\"http:\/\/acpo.vedeckecasopisy.cz\/publicFiles\/00220.pdf\">http:\/\/acpo.vedeckecasopisy.cz\/publicFiles\/00220.pdf<\/a><\/p>\n<p>Martin C. Putna: M\u00faza sociologova &#8211; Lidov\u00e9 noviny, 5. z\u00e1\u0159\u00ed 2012 &#8211; <a href=\"http:\/\/www.lidovky.cz\/putna-muza-sociologova-0vo-\/ln_nazory.asp?c=A120908_075619_ln_nazory_mc\">http:\/\/www.lidovky.cz\/putna-muza-sociologova-0vo-\/ln_nazory.asp?c=A120908_075619_ln_nazory_mc<\/a>; viz t\u00e9\u017e dokument n\u00ed\u017ee.<\/p>\n<p>Ji\u0159\u00ed \u0160pa\u010dek: Lou\u010den\u00ed s Petruskem: byl to profesor obnovitel, zazn\u011blo (29. srpna 2012) &#8211; <a href=\"http:\/\/www.lidovky.cz\/louceni-s-petruskem-byl-to-bytostny-intelektual-zaznelo-pzr-\/lide.asp?c=A120829_145707_lide_glu\">http:\/\/www.lidovky.cz\/louceni-s-petruskem-byl-to-bytostny-intelektual-zaznelo-pzr-\/lide.asp?c=A120829_145707_lide_glu<\/a><\/p>\n<p>Vzpom\u00ednka Mat\u011bje Stropnick\u00e9ho: Kdy\u017e p\u0159edn\u00e1\u0161\u00ed Petrusek &#8211; Pr\u00e1vo \/ Salon 30. srpna 2012, t\u00e9\u017e Novinky.cz: <a href=\"http:\/\/www.novinky.cz\/kultura\/salon\/277706-vzpominka-mateje-stropnickeho-kdyz-prednasi-petrusek.html\" target=\"_blank\" rel=\"noopener\">http:\/\/www.novinky.cz\/kultura\/salon\/277706-vzpominka-mateje-stropnickeho-kdyz-prednasi-petrusek.html<\/a><\/p>\n<p>Ji\u0159\u00ed M\u00fcller: Za profesorem Miloslavem Petruskem na Moravu &#8211; webov\u00e1 str\u00e1nka Vzd\u011bl\u00e1vac\u00ed nadace Jana Husa: <a href=\"http:\/\/www.vnjh.cz\/aktuality?tx_ttnews%5Btt_news%5D=54\" target=\"_blank\" rel=\"noopener\">http:\/\/www.vnjh.cz\/aktuality?tx_ttnews%5Btt_news%5D=54<\/a><\/p>\n<p>Miroslav Paul\u00ed\u010dek: Petrusk\u016fv sociologick\u00fd copyrigh &#8211; A2, \u010d. 18\/2012: <a href=\"http:\/\/www.advojka.cz\/archiv\/2012\/18\/petruskuv-sociologicky-copyright\" target=\"_blank\" rel=\"noopener\">http:\/\/www.advojka.cz\/archiv\/2012\/18\/petruskuv-sociologicky-copyright<\/a><\/p>\n<p>Hana \u010cervinkov\u00e1: Miloslav (Milan) Petrusek (1936 &#8211; 2012) &#8211; August 29th, 2012 :<\/p>\n<p><a href=\"http:\/\/www.deliberatelyconsidered.com\/2012\/08\/miloslav-milan-petrusek-1936-2012\/\" target=\"_blank\" rel=\"noopener\">http:\/\/www.deliberatelyconsidered.com\/2012\/08\/miloslav-milan-petrusek-1936-2012\/<\/a>; tak\u00e9 v: <em>Czech Sociological Review<\/em>, \u010d. 6\/2012, s. 1171-1174<\/p>\n<p>Ji\u0159ina \u0160iklov\u00e1: Petrusk\u016fv Obzor &#8211; 27. srpna 2012 &#8211; Respekt, viz t\u00e9\u017e dokument n\u00ed\u017ee<\/p>\n<p><a href=\"http:\/\/respekt.ihned.cz\/c1-57168220-petruskuv-obzor\" target=\"_blank\" rel=\"noopener\">http:\/\/respekt.ihned.cz\/c1-57168220-petruskuv-obzor<\/a><\/p>\n<p>Sociologick\u00e9 \u201esvetlo du\u0161e\u201c &#8211; 24. 8. 2012 &#8211; SME.sk : <a href=\"http:\/\/kultura.sme.sk\/c\/6508572\/sociologicke-svetlo-duse.html\" target=\"_blank\" rel=\"noopener\">http:\/\/kultura.sme.sk\/c\/6508572\/sociologicke-svetlo-duse.html<\/a><\/p>\n<p>Michael Lap\u010d\u00edk: Posledn\u00ed pozdrav z cest na Slov\u00e1cko &#8211; Slov\u00e1ck\u00fd den\u00edk 24. 8. 2012, viz dokument n\u00ed\u017ee<\/p>\n<p>Marcela Pech\u00e1\u010dkov\u00e1: Necky a sociolog &#8211; P\u00e1tek Lidov\u00fdch novin, 24. 8. 2012, viz dokument n\u00ed\u017ee<\/p>\n<p>Michal Kom\u00e1rek: Znechucen\u00ed nen\u00ed program &#8211; Liter\u00e1rn\u00ed noviny 34\/2012 (23. 8.), viz dokument n\u00ed\u017ee<\/p>\n<p>Miloslav Petrusek: Profesor, kter\u00fd mohl b\u00fdt prezidentem &#8211; 22. 8. 2012 &#8211; \u010cesk\u00e1 pozice.cz : <a href=\"http:\/\/www.ceskapozice.cz\/magazin\/special-report\/miloslav-petrusek-profesor-ktery-mohl-byt-prezidentem\" target=\"_blank\" rel=\"noopener\">http:\/\/www.ceskapozice.cz\/magazin\/special-report\/miloslav-petrusek-profesor-ktery-mohl-byt-prezidentem<\/a><\/p>\n<p>Prof. Miloslav Petrusek ode\u0161el: posledn\u00ed pocta a pod\u011bkov\u00e1n\u00ed u\u010diteli\u2026 &#8211; 22. 8. 2012 &#8211; FF UK : <a href=\"http:\/\/sociologie.ff.cuni.cz\/index.php\/cs\/component\/content\/article\/33-dulezite\/986-prof-miloslav-petrusek-odeel-posledni-pocta-a-podkovani-uiteli\" target=\"_blank\" rel=\"noopener\">http:\/\/sociologie.ff.cuni.cz\/index.php\/cs\/component\/content\/article\/33-dulezite\/986-prof-miloslav-petrusek-odeel-posledni-pocta-a-podkovani-uiteli<\/a><\/p>\n<p>Zem\u0159el prof. PhDr. Miloslav Petrusek, CSc., p\u0159edn\u00ed \u010desk\u00fd sociolog &#8211; 22. 8. 2012 &#8211; SO\u00da \u010cR : <a href=\"http:\/\/www.soc.cas.cz\/articles\/cz\/13\/6491\/Zemrel-prof.-PhDr.-Miloslav-Petrusek-CSc..html\" target=\"_blank\" rel=\"noopener\">http:\/\/www.soc.cas.cz\/articles\/cz\/13\/6491\/Zemrel-prof.-PhDr.-Miloslav-Petrusek-CSc.html<\/a><\/p>\n<p>t\u00e9\u017e v: <em>Sociologick\u00fd \u010dasopis<\/em>, \u010d. 4\/2012, s. 608-611<\/p>\n<p>Jan Jandourek: Petruskova p\u0159edn\u00e1\u0161ka &#8211; to b\u00fdvala ud\u00e1lost. MF DNES, 21. 8. 2012<\/p>\n<p>P\u0159edn\u00e1\u0161ka sociologa Miloslava Petruska, to b\u00fdvala ud\u00e1lost &#8211; 22. 8. 2012 &#8211; iDnes.cz : <a href=\"http:\/\/zpravy.idnes.cz\/prednaska-sociologa-miloslava-petruska-to-byvala-udalost-p3o-\/kavarna.aspx?c=A120822_092431_kavarna_chu\" target=\"_blank\" rel=\"noopener\">http:\/\/zpravy.idnes.cz\/prednaska-sociologa-miloslava-petruska-to-byvala-udalost-p3o-\/kavarna.aspx?c=A120822_092431_kavarna_chu<\/a><\/p>\n<p>Jan Mar\u0161\u00e1lek: Petrusk\u016fv boj proti zhloupnut\u00ed &#8211; Hospod\u00e1\u0159sk\u00e9 noviny, 22. 8. 2012: <a href=\"http:\/\/hn.ihned.cz\/index.php?p=500000_d&amp;&amp;article[id]=57119660\">http:\/\/hn.ihned.cz\/index.php?p=500000_d&amp;&amp;article[id]=57119660<\/a>, viz t\u00e9\u017e dokument n\u00ed\u017ee<\/p>\n<p>Petr Kambersk\u00fd: Konec strhuj\u00edc\u00edho chrapl\u00e1ku &#8211;\u00a0Lidov\u00e9 noviny, 21. 8. 2012, s. 9<\/p>\n<p>Ida Kaiserov\u00e1: V poklidn\u00e9m hovoru o ni\u010dem &#8211;\u00a0\u00a0Lidov\u00e9 noviny, 21. 8. 2012, s. 9<\/p>\n<p>Ji\u0159ina \u0160iklov\u00e1: Milan byl jedn\u00edm z nejvzd\u011blan\u011bj\u0161\u00edch sociolog\u016f &#8211; Lidov\u00e9 noviny, 21. 8. 2012, s. 9: <a href=\"http:\/\/www.cuni.cz\/IFORUM-13324.html\" target=\"_blank\" rel=\"noopener\">http:\/\/www.cuni.cz\/IFORUM-13324.html<\/a><\/p>\n<p>Vstupte! s prof. Miloslavem Petruskem &#8211; 21. 8. 2012 &#8211; \u010cR Leonardo : <a href=\"http:\/\/www.rozhlas.cz\/leonardo\/vstupte\/_zprava\/vstupte-s-prof-miloslavem-petruskem--1100065\" target=\"_blank\" rel=\"noopener\">http:\/\/www.rozhlas.cz\/leonardo\/vstupte\/_zprava\/vstupte-s-prof-miloslavem-petruskem&#8211;1100065<\/a><\/p>\n<p>Um\u011bl n\u00e1s nadchnout pro v\u011bc, \u017eel\u00ed studenti ztr\u00e1ty obl\u00edben\u00e9ho profesora Petruska &#8211; 21. 8. 2012 &#8211; iForum : <a href=\"http:\/\/iforum.cuni.cz\/IFORUM-13330.html\" target=\"_blank\" rel=\"noopener\">http:\/\/iforum.cuni.cz\/IFORUM-13330.html<\/a><\/p>\n<p>Ode\u0161el v\u011bdec, kter\u00fd miloval Slov\u00e1cko&#8230; <a href=\"http:\/\/zlin.idnes.cz\/zemrel-miloslav-petrusek-0yu-\/zlin-zpravy.aspx?c=A120821_1819037_zlin-zpravy_stk\" target=\"_blank\" rel=\"noopener\">http:\/\/zlin.idnes.cz\/zemrel-miloslav-petrusek-0yu-\/zlin-zpravy.aspx?c=A120821_1819037_zlin-zpravy_stk<\/a><\/p>\n<p>Martin H\u00e1jek: Ode\u0161el nestor \u010desk\u00e9 sociologie s neoby\u010dejn\u00fdm darem \u0159e\u010di. <em>Lidovky.cz<\/em>, 20. 8. 2012<\/p>\n<p>Martin Pot\u016f\u010dek: Hommage \u010dlov\u011bku a sociologovi, Miloslavu Petruskovi &#8211; 20. 8. 2012 \u00a0 blog.aktualne.cz: <a href=\"http:\/\/blog.aktualne.centrum.cz\/blogy\/martin-potucek.php?itemid=17275\" target=\"_blank\" rel=\"noopener\">http:\/\/blog.aktualne.centrum.cz\/blogy\/martin-potucek.php?itemid=17275<\/a><\/p>\n<p>Zem\u0159el v\u00fdznamn\u00fd \u010desk\u00fd sociolog Miloslav Petrusek &#8211; 20. 8. 2012 &#8211; \u010cT1 : <a href=\"http:\/\/www.ceskatelevize.cz\/ct24\/domaci\/192639-zemrel-vyznamny-cesky-sociolog-miloslav-petrusek\/\" target=\"_blank\" rel=\"noopener\">http:\/\/www.ceskatelevize.cz\/ct24\/domaci\/192639-zemrel-vyznamny-cesky-sociolog-miloslav-petrusek\/<\/a><\/p>\n<p>Zem\u0159el prof. Miloslav Petrusek &#8211; 20. 8. 2012 &#8211; \u010cRO Leonardo : <a href=\"http:\/\/www.rozhlas.cz\/leonardo\/veda\/_zprava\/zemrel-prof-miloslav-petrusek--1099906\" target=\"_blank\" rel=\"noopener\">http:\/\/www.rozhlas.cz\/leonardo\/veda\/_zprava\/zemrel-prof-miloslav-petrusek&#8211;1099906<\/a><\/p>\n<p>Profesor Petrusek: Origin\u00e1ln\u00ed myslitel a kritik doby &#8211; 20. 8. 2012 &#8211; Radio.Wave : <a href=\"http:\/\/www.rozhlas.cz\/radiowave\/publicistika\/_zprava\/profesor-petrusek-originalni-myslitel-a-kritik-doby--1100118\" target=\"_blank\" rel=\"noopener\">http:\/\/www.rozhlas.cz\/radiowave\/publicistika\/_zprava\/profesor-petrusek-originalni-myslitel-a-kritik-doby&#8211;1100118<\/a><\/p>\n<p>Ve v\u011bku 75 let zem\u0159el p\u0159edn\u00ed \u010desk\u00fd sociolog Miloslav Petrusek &#8211; 20. 8. 2012 &#8211; \u010cesk\u00fd rozhlas : <a href=\"http:\/\/www.rozhlas.cz\/zpravy\/politika\/_zprava\/ve-veku-75-let-zemrel-predni-cesky-sociolog-miloslav-petrusek--1099832\" target=\"_blank\" rel=\"noopener\">http:\/\/www.rozhlas.cz\/zpravy\/politika\/_zprava\/ve-veku-75-let-zemrel-predni-cesky-sociolog-miloslav-petrusek&#8211;1099832?<\/a><\/p>\n<p>Zem\u0159el p\u0159edn\u00ed sociolog a obl\u00edben\u00fd profesor Petrusek &#8211; 20. srpna 2012 &#8211; Lidovky.cz : <a href=\"http:\/\/www.lidovky.cz\/zemrel-predni-cesky-sociolog-a-oblibeny-profesor-miloslav-petrusek-118-\/lide.asp?c=A120820_100844_lide_mev\" target=\"_blank\" rel=\"noopener\">http:\/\/www.lidovky.cz\/zemrel-predni-cesky-sociolog-a-oblibeny-profesor-miloslav-petrusek-118-\/lide.asp?c=A120820_100844_lide_mev<\/a><\/p>\n<p><img loading=\"lazy\" decoding=\"async\" class=\"alignnone size-medium wp-image-39\" src=\"https:\/\/petrusek.cz\/wp-content\/uploads\/2017\/10\/007_Putna_Muza-sociologova_LN_05_09_2012_web-54x300.jpg\" alt=\"\" width=\"54\" height=\"300\" srcset=\"https:\/\/petrusek.cz\/wp-content\/uploads\/2017\/10\/007_Putna_Muza-sociologova_LN_05_09_2012_web-54x300.jpg 54w, https:\/\/petrusek.cz\/wp-content\/uploads\/2017\/10\/007_Putna_Muza-sociologova_LN_05_09_2012_web-184x1024.jpg 184w, https:\/\/petrusek.cz\/wp-content\/uploads\/2017\/10\/007_Putna_Muza-sociologova_LN_05_09_2012_web.jpg 646w\" sizes=\"auto, (max-width: 54px) 100vw, 54px\" \/> <img loading=\"lazy\" decoding=\"async\" class=\"alignnone size-medium wp-image-38\" src=\"https:\/\/petrusek.cz\/wp-content\/uploads\/2017\/10\/007_Pechackova_Patek-LN_pro-web-218x300.jpg\" alt=\"\" width=\"218\" height=\"300\" srcset=\"https:\/\/petrusek.cz\/wp-content\/uploads\/2017\/10\/007_Pechackova_Patek-LN_pro-web-218x300.jpg 218w, https:\/\/petrusek.cz\/wp-content\/uploads\/2017\/10\/007_Pechackova_Patek-LN_pro-web-768x1059.jpg 768w, https:\/\/petrusek.cz\/wp-content\/uploads\/2017\/10\/007_Pechackova_Patek-LN_pro-web-743x1024.jpg 743w, https:\/\/petrusek.cz\/wp-content\/uploads\/2017\/10\/007_Pechackova_Patek-LN_pro-web.jpg 802w\" sizes=\"auto, (max-width: 218px) 100vw, 218px\" \/> <img loading=\"lazy\" decoding=\"async\" class=\"alignnone size-medium wp-image-37\" src=\"https:\/\/petrusek.cz\/wp-content\/uploads\/2017\/10\/007_Michal-Komarek_Literarni-noviny_23_08_2012-300x263.jpg\" alt=\"\" width=\"300\" height=\"263\" srcset=\"https:\/\/petrusek.cz\/wp-content\/uploads\/2017\/10\/007_Michal-Komarek_Literarni-noviny_23_08_2012-300x263.jpg 300w, https:\/\/petrusek.cz\/wp-content\/uploads\/2017\/10\/007_Michal-Komarek_Literarni-noviny_23_08_2012-768x673.jpg 768w, https:\/\/petrusek.cz\/wp-content\/uploads\/2017\/10\/007_Michal-Komarek_Literarni-noviny_23_08_2012.jpg 914w\" sizes=\"auto, (max-width: 300px) 100vw, 300px\" \/> <img loading=\"lazy\" decoding=\"async\" class=\"alignnone size-medium wp-image-36\" src=\"https:\/\/petrusek.cz\/wp-content\/uploads\/2017\/10\/007_Marsalek_HN_pro-web-300x231.jpg\" alt=\"\" width=\"300\" height=\"231\" srcset=\"https:\/\/petrusek.cz\/wp-content\/uploads\/2017\/10\/007_Marsalek_HN_pro-web-300x231.jpg 300w, https:\/\/petrusek.cz\/wp-content\/uploads\/2017\/10\/007_Marsalek_HN_pro-web-768x591.jpg 768w, https:\/\/petrusek.cz\/wp-content\/uploads\/2017\/10\/007_Marsalek_HN_pro-web-1024x788.jpg 1024w, https:\/\/petrusek.cz\/wp-content\/uploads\/2017\/10\/007_Marsalek_HN_pro-web.jpg 1059w\" sizes=\"auto, (max-width: 300px) 100vw, 300px\" \/><img loading=\"lazy\" decoding=\"async\" class=\"alignnone size-medium wp-image-41\" src=\"https:\/\/petrusek.cz\/wp-content\/uploads\/2017\/10\/007_Slovacky-denik_Michal-Lapcik-243x300.jpg\" alt=\"\" width=\"243\" height=\"300\" srcset=\"https:\/\/petrusek.cz\/wp-content\/uploads\/2017\/10\/007_Slovacky-denik_Michal-Lapcik-243x300.jpg 243w, https:\/\/petrusek.cz\/wp-content\/uploads\/2017\/10\/007_Slovacky-denik_Michal-Lapcik-768x947.jpg 768w, https:\/\/petrusek.cz\/wp-content\/uploads\/2017\/10\/007_Slovacky-denik_Michal-Lapcik-831x1024.jpg 831w, https:\/\/petrusek.cz\/wp-content\/uploads\/2017\/10\/007_Slovacky-denik_Michal-Lapcik.jpg 1142w\" sizes=\"auto, (max-width: 243px) 100vw, 243px\" \/> <img loading=\"lazy\" decoding=\"async\" class=\"alignnone size-medium wp-image-40\" src=\"https:\/\/petrusek.cz\/wp-content\/uploads\/2017\/10\/007_Siklova_Respekt_pro-web-220x300.jpg\" alt=\"\" width=\"220\" height=\"300\" srcset=\"https:\/\/petrusek.cz\/wp-content\/uploads\/2017\/10\/007_Siklova_Respekt_pro-web-220x300.jpg 220w, https:\/\/petrusek.cz\/wp-content\/uploads\/2017\/10\/007_Siklova_Respekt_pro-web-768x1048.jpg 768w, https:\/\/petrusek.cz\/wp-content\/uploads\/2017\/10\/007_Siklova_Respekt_pro-web-750x1024.jpg 750w, https:\/\/petrusek.cz\/wp-content\/uploads\/2017\/10\/007_Siklova_Respekt_pro-web.jpg 982w\" sizes=\"auto, (max-width: 220px) 100vw, 220px\" \/><\/p>\n","protected":false},"excerpt":{"rendered":"<p>Jan Balon: Miloslav Petrusek (15. 10. 1936 &#8211; 19. 8. 2012).\u00a0\u010cesk\u00fd \u010dasopis historick\u00fd, 111\/2013, \u010d. 2, s. 455-457. Za nekrologem p\u0159eti\u0161t\u011bn ve zkr\u00e1cen\u00e9 podob\u011b text M. Petruska Konec d\u011bjin nebo konec d\u011bjepisectv\u00ed?, s pozn\u00e1mkou Ji\u0159\u00edho Pe\u0161ka (s. 458-465) Petr G\u00e1ba: Dvoj\u00ed ztr\u00e1ta \u010desk\u00e9 sociologie: Miloslav Petrusek a Ji\u0159\u00ed Musil. HISTORICA. Revue pro historii a p\u0159\u00edbuzn\u00e9 &hellip; <a href=\"https:\/\/petrusek.cz\/?page_id=33\" class=\"more-link\">Pokra\u010dov\u00e1n\u00ed textu <span class=\"screen-reader-text\">Nekrology<\/span><\/a><\/p>\n","protected":false},"author":1,"featured_media":0,"parent":0,"menu_order":0,"comment_status":"closed","ping_status":"closed","template":"","meta":{"footnotes":""},"class_list":["post-33","page","type-page","status-publish","hentry"],"_links":{"self":[{"href":"https:\/\/petrusek.cz\/index.php?rest_route=\/wp\/v2\/pages\/33","targetHints":{"allow":["GET"]}}],"collection":[{"href":"https:\/\/petrusek.cz\/index.php?rest_route=\/wp\/v2\/pages"}],"about":[{"href":"https:\/\/petrusek.cz\/index.php?rest_route=\/wp\/v2\/types\/page"}],"author":[{"embeddable":true,"href":"https:\/\/petrusek.cz\/index.php?rest_route=\/wp\/v2\/users\/1"}],"replies":[{"embeddable":true,"href":"https:\/\/petrusek.cz\/index.php?rest_route=%2Fwp%2Fv2%2Fcomments&post=33"}],"version-history":[{"count":2,"href":"https:\/\/petrusek.cz\/index.php?rest_route=\/wp\/v2\/pages\/33\/revisions"}],"predecessor-version":[{"id":43,"href":"https:\/\/petrusek.cz\/index.php?rest_route=\/wp\/v2\/pages\/33\/revisions\/43"}],"wp:attachment":[{"href":"https:\/\/petrusek.cz\/index.php?rest_route=%2Fwp%2Fv2%2Fmedia&parent=33"}],"curies":[{"name":"wp","href":"https:\/\/api.w.org\/{rel}","templated":true}]}}