{"id":46,"date":"2017-10-17T01:48:12","date_gmt":"2017-10-17T01:48:12","guid":{"rendered":"http:\/\/petrusek.cz\/wp\/?page_id=46"},"modified":"2017-11-20T19:36:19","modified_gmt":"2017-11-20T19:36:19","slug":"texty","status":"publish","type":"page","link":"https:\/\/petrusek.cz\/?page_id=46","title":{"rendered":"Texty"},"content":{"rendered":"<h4>\u010cl\u00e1nky a studie<\/h4>\n<ul>\n<li><a href=\"https:\/\/petrusek.cz\/wp-content\/uploads\/2017\/10\/Poznamky_o_zivotnim_stylu.pdf\" target=\"_blank\" rel=\"noopener\">\u017divotn\u00ed styl v \u010dasech postmoderny<\/a><\/li>\n<li><a href=\"https:\/\/petrusek.cz\/wp-content\/uploads\/2017\/10\/Deziluze_z_pokroku.pdf\" target=\"_blank\" rel=\"noopener\">Deziluze z pokroku jako \u201estav ducha&#8220;<\/a><\/li>\n<li><a href=\"https:\/\/petrusek.cz\/wp-content\/uploads\/2017\/10\/Od_radu_k_chaosu.pdf\" target=\"_blank\" rel=\"noopener\">O paradigmatick\u00fdch prom\u011bn\u00e1ch sociologie v \u010dase<\/a><\/li>\n<li><a href=\"https:\/\/petrusek.cz\/wp-content\/uploads\/2017\/10\/Narodni_identita.pdf\" target=\"_blank\" rel=\"noopener\">N\u00e1rodn\u00ed identita v epo\u0161e globalizace<\/a><\/li>\n<li><a href=\"https:\/\/petrusek.cz\/wp-content\/uploads\/2017\/10\/O_ztracene_identite.pdf\" target=\"_blank\" rel=\"noopener\">O jedn\u00e9 ztracen\u00e9 kolektivn\u00ed identit\u011b<\/a><\/li>\n<li><a href=\"https:\/\/petrusek.cz\/wp-content\/uploads\/2017\/10\/Idea-pokroku-a-Masarykova-filozofie-dejin.pdf\" target=\"_blank\" rel=\"noopener\">Idea pokroku a Masarykova filozofie d\u011bjin<\/a><\/li>\n<li><a href=\"https:\/\/petrusek.cz\/wp-content\/uploads\/2017\/10\/Josefina-a-cesky-Slavin.pdf\" target=\"_blank\" rel=\"noopener\">Josefina a \u010desk\u00fd Slav\u00edn: Portr\u00e9t jako n\u00e1stroj zobrazen\u00ed \u010dlov\u011bka a deformace spole\u010densk\u00e9ho v\u011bdom\u00ed<\/a><\/li>\n<li><a href=\"https:\/\/petrusek.cz\/wp-content\/uploads\/2017\/10\/Konec-dejin-nebo-konec-dejepisectvi.pdf\" target=\"_blank\" rel=\"noopener\">Konec d\u011bjin nebo konec d\u011bjepisectv\u00ed?<\/a><\/li>\n<li><a href=\"https:\/\/petrusek.cz\/wp-content\/uploads\/2017\/10\/Proc-lide-nasi-doby-potrebuji-myty.pdf\" target=\"_blank\" rel=\"noopener\">Pro\u010d lid\u00e9 na\u0161\u00ed doby pot\u0159ebuj\u00ed m\u00fdty?<\/a><\/li>\n<li><a href=\"https:\/\/petrusek.cz\/wp-content\/uploads\/2017\/11\/1968.pdf\" target=\"_blank\" rel=\"noopener\">1968<\/a><\/li>\n<\/ul>\n<h4>Glosy a koment\u00e1\u0159e<\/h4>\n<ul>\n<li><a href=\"https:\/\/petrusek.cz\/wp-content\/uploads\/2017\/10\/Zivot_vsedni_a_heroicky_Janu_Sokolovi.pdf\" target=\"_blank\" rel=\"noopener\">\u017divot v\u0161edn\u00ed a heroick\u00fd (Janu Sokolovi k jubileu)<\/a><\/li>\n<li><a href=\"https:\/\/petrusek.cz\/wp-content\/uploads\/2017\/10\/Obraceni_zady_k_budoucnosti_Bauman.pdf\" target=\"_blank\" rel=\"noopener\">Zygmunt Bauman &#8211; sociolog trag\u00e9di\u00ed pozdn\u00ed doby<\/a><\/li>\n<\/ul>\n<h4>Recenze a ohlasy<\/h4>\n<ul>\n<li><a href=\"https:\/\/petrusek.cz\/wp-content\/uploads\/2017\/10\/Stoleti_masovych_medii_extremu.pdf\" target=\"_blank\" rel=\"noopener\">Stolet\u00ed masov\u00fdch m\u00e9di\u00ed, extr\u00e9m\u016f, reb\u00e9li\u00ed a revoluc\u00ed<\/a><\/li>\n<\/ul>\n","protected":false},"excerpt":{"rendered":"<p>\u010cl\u00e1nky a studie \u017divotn\u00ed styl v \u010dasech postmoderny Deziluze z pokroku jako \u201estav ducha&#8220; O paradigmatick\u00fdch prom\u011bn\u00e1ch sociologie v \u010dase N\u00e1rodn\u00ed identita v epo\u0161e globalizace O jedn\u00e9 ztracen\u00e9 kolektivn\u00ed identit\u011b Idea pokroku a Masarykova filozofie d\u011bjin Josefina a \u010desk\u00fd Slav\u00edn: Portr\u00e9t jako n\u00e1stroj zobrazen\u00ed \u010dlov\u011bka a deformace spole\u010densk\u00e9ho v\u011bdom\u00ed Konec d\u011bjin nebo konec d\u011bjepisectv\u00ed? Pro\u010d &hellip; <a href=\"https:\/\/petrusek.cz\/?page_id=46\" class=\"more-link\">Pokra\u010dov\u00e1n\u00ed textu <span class=\"screen-reader-text\">Texty<\/span><\/a><\/p>\n","protected":false},"author":1,"featured_media":0,"parent":0,"menu_order":0,"comment_status":"closed","ping_status":"closed","template":"","meta":{"footnotes":""},"class_list":["post-46","page","type-page","status-publish","hentry"],"_links":{"self":[{"href":"https:\/\/petrusek.cz\/index.php?rest_route=\/wp\/v2\/pages\/46","targetHints":{"allow":["GET"]}}],"collection":[{"href":"https:\/\/petrusek.cz\/index.php?rest_route=\/wp\/v2\/pages"}],"about":[{"href":"https:\/\/petrusek.cz\/index.php?rest_route=\/wp\/v2\/types\/page"}],"author":[{"embeddable":true,"href":"https:\/\/petrusek.cz\/index.php?rest_route=\/wp\/v2\/users\/1"}],"replies":[{"embeddable":true,"href":"https:\/\/petrusek.cz\/index.php?rest_route=%2Fwp%2Fv2%2Fcomments&post=46"}],"version-history":[{"count":5,"href":"https:\/\/petrusek.cz\/index.php?rest_route=\/wp\/v2\/pages\/46\/revisions"}],"predecessor-version":[{"id":89,"href":"https:\/\/petrusek.cz\/index.php?rest_route=\/wp\/v2\/pages\/46\/revisions\/89"}],"wp:attachment":[{"href":"https:\/\/petrusek.cz\/index.php?rest_route=%2Fwp%2Fv2%2Fmedia&parent=46"}],"curies":[{"name":"wp","href":"https:\/\/api.w.org\/{rel}","templated":true}]}}