{"id":83,"date":"2017-10-30T20:22:32","date_gmt":"2017-10-30T20:22:32","guid":{"rendered":"http:\/\/petrusek.cz\/wp\/?page_id=83"},"modified":"2017-10-31T08:17:58","modified_gmt":"2017-10-31T08:17:58","slug":"oceneni","status":"publish","type":"page","link":"https:\/\/petrusek.cz\/?page_id=83","title":{"rendered":"Ocen\u011bn\u00ed"},"content":{"rendered":"<h2>Cena Miloslava Petruska za\u00a0nejlep\u0161\u00ed studentsk\u00fd odborn\u00fd \u010dl\u00e1nek ze sociologie<\/h2>\n<p>Ceny za rok 2016 byly p\u0159ed\u00e1ny 19. \u0159\u00edjna 2017 na podzimn\u00ed sociologick\u00e9 konferenci v Olomouci.\u00a0<strong>Ocen\u011bni byli:<\/strong><\/p>\n<h4><strong>na 1. m\u00edst\u011b Jakub Mlyn\u00e1\u0159<\/strong><\/h4>\n<p>za text: Stroje, texty, s\u00edt\u011b a jin\u00e9 obrazy. Metaforick\u00fd rozm\u011br sociologie<\/p>\n<p>ACTA UNIVERSITATIS CAROLINAE, <em>P<\/em><em>HILOSOPHICA ET HISTORICA <\/em>2 <em>\/ STUDIA SOCIOLOGICA<\/em> XXI, s. 51\u201371.<\/p>\n<h4><strong>na 2. m\u00edst\u011b<\/strong><\/h4>\n<p><strong>Blanka Jirkovsk\u00e1 <\/strong>za text: Panuje rovnov\u00e1ha mezi pracovn\u00edm \u00fasil\u00edm a odm\u011bnami u profesion\u00e1l\u016f v dlouhodob\u00e9 p\u00e9\u010di?<\/p>\n<p>ACTA UNIVERSITATIS CAROLINAE, <em>P<\/em><em>HILOSOPHICA ET HISTORICA <\/em>2 <em>\/ STUDIA SOCIOLOGICA<\/em> XXI, s. 115\u2013131.<\/p>\n<p><strong>a<\/strong><\/p>\n<p><strong>Alena Lochmannov\u00e1 <\/strong>za text: V\u011bze\u0148sk\u00fd trh \u2013 hybridn\u00ed barter a komoditn\u00ed pen\u00edze v prost\u0159ed\u00ed \u010desk\u00fdch v\u011bznic. Acta FF Z\u010cU, ro\u010d. 8, 2016, \u010d. 1, s. 25\u201342.<\/p>\n<p><em>V\u00edce informac\u00ed o t\u00e9to cen\u011b na <a href=\"http:\/\/ceskasociologicka.org\/blog\/2017\/06\/05\/cena-miloslava-petruska-2017\/\">str\u00e1nk\u00e1ch \u010cesk\u00e9 sociologick\u00e9 spole\u010dnosti<\/a>.<\/em><\/p>\n<h2>Cena Miloslava Petruska za prezentaci UK<\/h2>\n<p><em>Cena Miloslava Petruska za prezentaci Univerzity Karlovy je ka\u017edoro\u010dn\u011b ud\u011blov\u00e1na za po\u010din, jen\u017e m\u00e1 v\u00fdznamn\u00fd dopad na vytv\u00e1\u0159en\u00ed pozitivn\u00edho obrazu UK \u0161irokou ve\u0159ejnost\u00ed. Cena m\u016f\u017ee b\u00fdt ud\u011blena jednotlivci \u010di skupin\u011b bez ohledu na p\u0159\u00edslu\u0161nost k akademick\u00e9 obci univerzity. V\u00edt\u011bz z\u00edsk\u00e1v\u00e1 finan\u010dn\u00ed odm\u011bnu.<\/em><\/p>\n<h4>2016<\/h4>\n<p><strong>Cenu Miloslava Petruska za prezentaci Univerzity Karlovy za rok 2016<\/strong> obdr\u017eeli 6. dubna 2017 na slavnostn\u00edm zased\u00e1n\u00ed UK z\u00e1stupci studentsk\u00e9 \u010d\u00e1sti Akademick\u00e9ho sen\u00e1tu UK a z\u00e1stupci studentsk\u00fdch spolk\u016f UK <strong>za organizaci akce <em>Uct\u011bn\u00ed pam\u00e1tky 17. listopadu na Albertov\u011b<\/em> <\/strong>a z\u00e1stupci \u0159e\u0161itelsk\u00e9ho t\u00fdmu projektu v\u011bnuj\u00edc\u00ed se z\u00e1chran\u011b a <strong>zp\u0159\u00edstupn\u011bn\u00ed rotundy sv. V\u00e1clava na Malostransk\u00e9m n\u00e1m\u011bst\u00ed v Praze<\/strong>.<\/p>\n<p>Akce na Albertov\u011b byla koncipov\u00e1na jako celodenn\u00ed festival k uct\u011bn\u00ed pam\u00e1tky minul\u00fdch generac\u00ed student\u016f a v\u0161ech bojovn\u00edk\u016f za svobodu a demokracii. C\u00edlem akce bylo uk\u00e1zat, \u017ee mlad\u00e9 generaci a \u010dlen\u016fm akademick\u00fdch obc\u00ed vysok\u00fdch \u0161kol v \u010cR z\u00e1le\u017e\u00ed na stavu ve\u0159ejn\u00fdch z\u00e1le\u017eitost\u00ed v \u010cR i ve sv\u011bt\u011b na demokratick\u00fdch principech, lidsk\u00e9 d\u016fstojnosti a svobod\u011b.<\/p>\n<p>V r\u00e1mci akce na z\u00e1chranu a zp\u0159\u00edstupn\u011bn\u00ed rotundy sv. V\u00e1clava se poda\u0159ilo unik\u00e1tn\u00edm zp\u016fsobem propojit um\u011blce, archeology, historiky, teology i dal\u0161\u00ed v\u011bdce. Projekt si b\u011bhem sv\u00e9ho trv\u00e1n\u00ed z\u00edskal v\u00fdrazn\u00fd medi\u00e1ln\u00ed z\u00e1jem, organiz\u00e1tor\u016fm se nav\u00edc poda\u0159ilo p\u0159esv\u011bd\u010dit \u0161irokou ve\u0159ejnost, aby na renovaci t\u00e9to v mnoha ohledech unik\u00e1tn\u00ed pam\u00e1tky finan\u010dn\u011b p\u0159isp\u011bla.<\/p>\n<h4>2015<\/h4>\n<p><strong>Cenu Miloslava Petruska za prezentaci Univerzity Karlovy za rok 2015 obdr\u017eeli\u00a0<\/strong>studenti UK, kte\u0159\u00ed se sdru\u017eili ve <strong>Studentsk\u00e9m hnut\u00ed za solidaritu<\/strong>. Cena jim byla ud\u011blena za vzd\u011bl\u00e1v\u00e1n\u00ed \u010desk\u00e9 ve\u0159ejnosti v aktu\u00e1ln\u00edch ot\u00e1zk\u00e1ch uprchlictv\u00ed a migrace prost\u0159ednictv\u00edm p\u0159edn\u00e1\u0161ek, besed a vzd\u011bl\u00e1vac\u00edch akc\u00ed. Svoj\u00ed \u010dinnost\u00ed v uplynul\u00e9m roce v\u00fdrazn\u00fdm zp\u016fsobem p\u0159isp\u011bli k \u0161\u00ed\u0159en\u00ed dobr\u00e9ho jm\u00e9na Univerzity Karlovy. \u201e\u00dalohu univerzity vyjad\u0159ovat se ke spole\u010densk\u00e9 situaci a zasazovat se o uchov\u00e1v\u00e1n\u00ed humanistick\u00e9 a demokratick\u00e9 tradice pova\u017eujeme za velice d\u016fle\u017eitou a jako studenti c\u00edt\u00edme zodpov\u011bdnost za hlas akademick\u00e9 obce, jen\u017e rezonuje ve ve\u0159ejn\u00e9m prostoru&#8220;, uvedl spoluzakladatel hnut\u00ed Jakub M\u00fa\u010dka.<\/p>\n<p>Cena byla p\u0159ed\u00e1na <a href=\"http:\/\/www.cuni.cz\/UK-7413.html\">na slavnostn\u00edm shrom\u00e1\u017ed\u011bn\u00ed k 668. v\u00fdro\u010d\u00ed zalo\u017een\u00ed Univerzity Karlovy dne 7. dubna 2016 v Karolinu<\/a>.<\/p>\n<h4>2014<\/h4>\n<p>Pot\u0159et\u00ed byla Cena Miloslava Petruska za prezentaci ud\u011blena 7. dubna 2015 na slavnostn\u00edm zased\u00e1n\u00ed k v\u00fdro\u010d\u00ed zalo\u017een\u00ed Univerzity Karovy. Cenu z\u00edskal projekt P\u0159\u00edrodov\u011bdci.cz a p\u0159evzala ji Mgr. Alexandra Hroncov\u00e1.<\/p>\n<h4>2013<\/h4>\n<p>Podruh\u00e9 byla Cena Miloslava Petruska za prezentaci ud\u011blena 7. dubna 2014 &#8211; t\u00fdmu z Institutu komunika\u010dn\u00edch studi\u00ed a \u017eurnalistiky FSV UK, veden\u00e9mu Denisou Kasl Kollmannovou.<\/p>\n<h4>1. ro\u010dn\u00edk (2012)<\/h4>\n<p><strong>Cenu Miloslava Petruska za prezentaci ud\u011blila Univerzita Karlova poprv\u00e9 3. dubna 2013 &#8211; kolektivu pracovn\u00edk\u016f z \u00dastavu \u010d\u00e1sticov\u00e9 a jadern\u00e9 fyziky MFF UK, veden\u00e9mu doc. RNDr. Rupertem Leitnerem.<\/strong><\/p>\n","protected":false},"excerpt":{"rendered":"<p>Cena Miloslava Petruska za\u00a0nejlep\u0161\u00ed studentsk\u00fd odborn\u00fd \u010dl\u00e1nek ze sociologie Ceny za rok 2016 byly p\u0159ed\u00e1ny 19. \u0159\u00edjna 2017 na podzimn\u00ed sociologick\u00e9 konferenci v Olomouci.\u00a0Ocen\u011bni byli: na 1. m\u00edst\u011b Jakub Mlyn\u00e1\u0159 za text: Stroje, texty, s\u00edt\u011b a jin\u00e9 obrazy. Metaforick\u00fd rozm\u011br sociologie ACTA UNIVERSITATIS CAROLINAE, PHILOSOPHICA ET HISTORICA 2 \/ STUDIA SOCIOLOGICA XXI, s. 51\u201371. na &hellip; <a href=\"https:\/\/petrusek.cz\/?page_id=83\" class=\"more-link\">Pokra\u010dov\u00e1n\u00ed textu <span class=\"screen-reader-text\">Ocen\u011bn\u00ed<\/span><\/a><\/p>\n","protected":false},"author":1,"featured_media":0,"parent":0,"menu_order":0,"comment_status":"closed","ping_status":"closed","template":"","meta":{"footnotes":""},"class_list":["post-83","page","type-page","status-publish","hentry"],"_links":{"self":[{"href":"https:\/\/petrusek.cz\/index.php?rest_route=\/wp\/v2\/pages\/83","targetHints":{"allow":["GET"]}}],"collection":[{"href":"https:\/\/petrusek.cz\/index.php?rest_route=\/wp\/v2\/pages"}],"about":[{"href":"https:\/\/petrusek.cz\/index.php?rest_route=\/wp\/v2\/types\/page"}],"author":[{"embeddable":true,"href":"https:\/\/petrusek.cz\/index.php?rest_route=\/wp\/v2\/users\/1"}],"replies":[{"embeddable":true,"href":"https:\/\/petrusek.cz\/index.php?rest_route=%2Fwp%2Fv2%2Fcomments&post=83"}],"version-history":[{"count":2,"href":"https:\/\/petrusek.cz\/index.php?rest_route=\/wp\/v2\/pages\/83\/revisions"}],"predecessor-version":[{"id":86,"href":"https:\/\/petrusek.cz\/index.php?rest_route=\/wp\/v2\/pages\/83\/revisions\/86"}],"wp:attachment":[{"href":"https:\/\/petrusek.cz\/index.php?rest_route=%2Fwp%2Fv2%2Fmedia&parent=83"}],"curies":[{"name":"wp","href":"https:\/\/api.w.org\/{rel}","templated":true}]}}